{"id":289,"date":"2022-05-23T11:11:37","date_gmt":"2022-05-23T11:11:37","guid":{"rendered":"http:\/\/dummy.xtemos.com\/woodmart2\/megamarket-elementor\/?page_id=289"},"modified":"2022-07-20T19:13:58","modified_gmt":"2022-07-20T16:13:58","slug":"siparis-takibi","status":"publish","type":"page","link":"https:\/\/www.acarzadegida.com\/en\/siparis-takibi\/","title":{"rendered":"Order Tracking"},"content":{"rendered":"<div data-elementor-type=\"wp-page\" data-elementor-id=\"289\" class=\"elementor elementor-289\">\n\t\t\t\t\t\t<div class=\"elementor-inner\">\n\t\t\t\t<div class=\"elementor-section-wrap\">\n\t\t\t\t\t\t\t\t\t<section class=\"wd-negative-gap elementor-section elementor-top-section elementor-element elementor-element-d940293 elementor-section-boxed elementor-section-height-default elementor-section-height-default wd-section-disabled\" data-id=\"d940293\" data-element_type=\"section\" data-settings=\"{&quot;background_background&quot;:&quot;classic&quot;}\">\n\t\t\t\t\t\t<div class=\"elementor-container elementor-column-gap-default\">\n\t\t\t\t\t\t\t<div class=\"elementor-row\">\n\t\t\t\t\t<div class=\"elementor-column elementor-col-100 elementor-top-column elementor-element elementor-element-a217798\" data-id=\"a217798\" data-element_type=\"column\">\n\t\t\t<div class=\"elementor-column-wrap elementor-element-populated\">\n\t\t\t\t\t\t\t<div class=\"elementor-widget-wrap\">\n\t\t\t\t\t\t<div class=\"elementor-element elementor-element-45743ea elementor-widget elementor-widget-wd_title\" data-id=\"45743ea\" data-element_type=\"widget\" data-widget_type=\"wd_title.default\">\n\t\t\t\t<div class=\"elementor-widget-container\">\n\t\t\t\t\t<div class=\"title-wrapper set-mb-s reset-last-child wd-title-color-default wd-title-style-default wd-title-size-large text-center\">\n\n\t\t\t\n\t\t\t<div class=\"liner-continer\">\n\t\t\t\t<h4 class=\"woodmart-title-container title wd-fontsize-xxl\">Order Tracking<\/h4> \n\t\t\t\t\t\t\t<\/div>\n\n\t\t\t\t\t<\/div>\n\t\t\t\t<\/div>\n\t\t\t\t<\/div>\n\t\t\t\t<div class=\"elementor-element elementor-element-28313bc elementor-widget elementor-widget-html\" data-id=\"28313bc\" data-element_type=\"widget\" data-widget_type=\"html.default\">\n\t\t\t\t<div class=\"elementor-widget-container\">\n\t\t\t<div class=\"woocommerce\"><\/div>\t\t<\/div>\n\t\t\t\t<\/div>\n\t\t\t\t\t\t<\/div>\n\t\t\t\t\t<\/div>\n\t\t<\/div>\n\t\t\t\t\t\t\t\t<\/div>\n\t\t\t\t\t<\/div>\n\t\t<\/section>\n\t\t\t\t<section class=\"wd-negative-gap elementor-section elementor-top-section elementor-element elementor-element-dee61de elementor-section-boxed elementor-section-height-default elementor-section-height-default wd-section-disabled\" data-id=\"dee61de\" data-element_type=\"section\">\n\t\t\t\t\t\t<div class=\"elementor-container elementor-column-gap-default\">\n\t\t\t\t\t\t\t<div class=\"elementor-row\">\n\t\t\t\t\t<div class=\"elementor-column elementor-col-100 elementor-top-column elementor-element elementor-element-2e8424a\" data-id=\"2e8424a\" data-element_type=\"column\">\n\t\t\t<div class=\"elementor-column-wrap elementor-element-populated\">\n\t\t\t\t\t\t\t<div class=\"elementor-widget-wrap\">\n\t\t\t\t\t\t<section class=\"wd-negative-gap elementor-section elementor-inner-section elementor-element elementor-element-99cd61c elementor-section-boxed elementor-section-height-default elementor-section-height-default wd-section-disabled\" data-id=\"99cd61c\" data-element_type=\"section\">\n\t\t\t\t\t\t<div class=\"elementor-container elementor-column-gap-default\">\n\t\t\t\t\t\t\t<div class=\"elementor-row\">\n\t\t\t\t\t<div data-dce-background-color=\"#FFFFFF\" class=\"elementor-column elementor-col-33 elementor-inner-column elementor-element elementor-element-1cc5f03\" data-id=\"1cc5f03\" data-element_type=\"column\" data-settings=\"{&quot;background_background&quot;:&quot;classic&quot;}\">\n\t\t\t<div class=\"elementor-column-wrap elementor-element-populated\">\n\t\t\t\t\t\t\t<div class=\"elementor-widget-wrap\">\n\t\t\t\t\t\t<div class=\"elementor-element elementor-element-cdb2bdc elementor-widget elementor-widget-wd_title\" data-id=\"cdb2bdc\" data-element_type=\"widget\" data-widget_type=\"wd_title.default\">\n\t\t\t\t<div class=\"elementor-widget-container\">\n\t\t\t\t\t<div class=\"title-wrapper set-mb-s reset-last-child wd-title-color-default wd-title-style-default wd-title-size-medium text-left\">\n\n\t\t\t\n\t\t\t<div class=\"liner-continer\">\n\t\t\t\t<h4 class=\"woodmart-title-container title wd-fontsize-xl\">Sipari\u015fleriniz hakk\u0131nda<\/h4> \n\t\t\t\t\t\t\t<\/div>\n\n\t\t\t\t\t<\/div>\n\t\t\t\t<\/div>\n\t\t\t\t<\/div>\n\t\t\t\t<div class=\"elementor-element elementor-element-2c7a548 elementor-widget elementor-widget-wd_infobox\" data-id=\"2c7a548\" data-element_type=\"widget\" data-widget_type=\"wd_infobox.default\">\n\t\t\t\t<div class=\"elementor-widget-container\">\n\t\t\t\t\t<div class=\"info-box-wrapper\">\n\t\t\t<div class=\"wd-info-box text-left box-icon-align-left box-style-base color-scheme- box-title-default woodmart-info-box cursor-pointer\" onclick=\"window.location.href='#'\">\n\t\t\t\t\t\t\t\t\t<div class=\"box-icon-wrapper  box-with-icon box-icon-simple\">\n\t\t\t\t\t\t<div class=\"info-box-icon\">\n\t\t\t\t\t\t\t\t\t\t\t\t\t\t\t<span class=\"info-svg-wrapper info-icon\" style=\"width:64px; height:64px;\"><svg id=\"svg-1800\" xmlns=\"http:\/\/www.w3.org\/2000\/svg\" width=\"64\" height=\"64\" viewbox=\"0 0 64 64\" fill=\"none\"><rect width=\"64\" height=\"64\" fill=\"white\"><\/rect><rect width=\"31\" height=\"64\" fill=\"#D5E1EE\"><\/rect><path d=\"M10 6H15V0H17V6H22V10H10V6Z\" fill=\"#0F2E53\"><\/path><path d=\"M15 64V38H17V41H19V43H17V64H15Z\" fill=\"#0F2E53\"><\/path><path d=\"M13 12H11V16H13V12Z\" fill=\"#4488DA\"><\/path><path d=\"M13 18H11V20H13V18Z\" fill=\"#4488DA\"><\/path><path d=\"M15 12H17V19H15V12Z\" fill=\"#4488DA\"><\/path><path d=\"M17 21H15V23H17V21Z\" fill=\"#4488DA\"><\/path><path d=\"M19 12H21V16H19V12Z\" fill=\"#4488DA\"><\/path><path d=\"M21 18H19V20H21V18Z\" fill=\"#4488DA\"><\/path><path d=\"M1 34L30 21V23L1 36V34Z\" fill=\"white\"><\/path><path d=\"M1 39L30 26V28L1 41V39Z\" fill=\"white\"><\/path><rect x=\"36\" y=\"38\" width=\"23\" height=\"12\" fill=\"#F0F0F0\"><\/rect><path d=\"M39 33H56V36C56 37.1046 55.1046 38 54 38H41C39.8954 38 39 37.1046 39 36V33Z\" fill=\"#F0F0F0\"><\/path><path d=\"M42 33H39V36C39 37.1045 39.8955 38 41 38H54C55.1045 38 56 37.1045 56 36H44C42.8955 36 42 35.1045 42 34V33Z\" fill=\"#DEDEDE\"><\/path><rect x=\"36\" y=\"38\" width=\"23\" height=\"4\" fill=\"#234875\"><\/rect><rect x=\"44\" y=\"44\" width=\"7\" height=\"2\" fill=\"#0F2E53\"><\/rect><path fill-rule=\"evenodd\" clip-rule=\"evenodd\" d=\"M49 29.9033C54.6426 29.168 59 24.3428 59 18.5C59 12.1484 53.8516 7 47.5 7C41.1484 7 36 12.1484 36 18.5C36 24.3428 40.3574 29.168 46 29.9033V31H49V29.9033ZM57 18.5C57 23.7471 52.7471 28 47.5 28C42.2529 28 38 23.7471 38 18.5C38 13.2529 42.2529 9 47.5 9C52.7471 9 57 13.2529 57 18.5Z\" fill=\"#0F2E53\"><\/path><path d=\"M41.8429 20.6209L48.914 13.5499L50.3282 14.9641L43.2571 22.0352L41.8429 20.6209Z\" fill=\"#4488DA\"><\/path><path d=\"M42.55 24.1565L49.6211 17.0854L51.0353 18.4996L43.9642 25.5707L42.55 24.1565Z\" fill=\"#4488DA\"><\/path><path d=\"M49.6211 12.8428L51.0353 11.4286L52.4495 12.8428L51.0353 14.257L49.6211 12.8428Z\" fill=\"#4488DA\"><\/path><\/svg> <\/span>\t\t\t\t\t\t\t\t\t\t\t\t\t<\/div>\n\t\t\t\t\t<\/div>\n\t\t\t\t\n\t\t\t\t<div class=\"info-box-content\">\n\t\t\t\t\t\n\t\t\t\t\t\t\t\t\t\t\t<h4\t\t\t\t\t\tclass=\"info-box-title title box-title-style-default wd-fontsize-m\" data-elementor-setting-key=\"title\">\n\t\t\t\t\t\t\t\t14 g\u00fcn i\u00e7erisinde geri iade \u015fans\u0131\t\t\t\t\t\t<\/h4>\n\t\t\t\t\t\n\t\t\t\t\t<div class=\"info-box-inner set-cont-mb-s reset-last-child\"\n\t\t\t\t\t\t data-elementor-setting-key=\"content\">\n\t\t\t\t\t\t<p>14 g\u00fcn i\u00e7erisinde \u00fcr\u00fcnlerinizi geri iade edebilece\u011finiz \u015fartlara <a href=\"http:\/\/www.acarzadegida.com\/en\/iptal-ve-iade-politikasi\/\" target=\"_blank\" rel=\"noopener\">buraya t\u0131klayarak<\/a> ula\u015fabilirsiniz.<\/p>\n\t\t\t\t\t<\/div>\n\t\n\t\t\t\t\t\t\t\t\t<\/div>\n\t\t\t<\/div>\n\t\t<\/div>\n\t\t\t\t<\/div>\n\t\t\t\t<\/div>\n\t\t\t\t<div class=\"elementor-element elementor-element-c1c2d54 elementor-widget elementor-widget-wd_infobox\" data-id=\"c1c2d54\" data-element_type=\"widget\" data-widget_type=\"wd_infobox.default\">\n\t\t\t\t<div class=\"elementor-widget-container\">\n\t\t\t\t\t<div class=\"info-box-wrapper\">\n\t\t\t<div class=\"wd-info-box text-left box-icon-align-left box-style-base color-scheme- box-title-default woodmart-info-box cursor-pointer\" onclick=\"window.location.href='#'\">\n\t\t\t\t\t\t\t\t\t<div class=\"box-icon-wrapper  box-with-icon box-icon-simple\">\n\t\t\t\t\t\t<div class=\"info-box-icon\">\n\t\t\t\t\t\t\t\t\t\t\t\t\t\t\t<span class=\"info-svg-wrapper info-icon\" style=\"width:64px; height:64px;\"><svg id=\"svg-1165\" xmlns=\"http:\/\/www.w3.org\/2000\/svg\" width=\"64\" height=\"64\" viewbox=\"0 0 64 64\" fill=\"none\"><rect width=\"64\" height=\"64\" fill=\"white\"><\/rect><path d=\"M9 20C9 18.8954 9.89543 18 11 18H38C39.1046 18 40 18.8954 40 20V43C40 44.1046 39.1046 45 38 45H11C9.89543 45 9 44.1046 9 43V20Z\" fill=\"#4488DA\"><\/path><path d=\"M41 24C41 22.8954 41.8954 22 43 22H52.3604C53.3138 22 54.1346 22.6729 54.3216 23.6078L56 32L58.4851 32.6213C59.3754 32.8439 60 33.6438 60 34.5616V43C60 44.1046 59.1046 45 58 45H43C41.8954 45 41 44.1046 41 43V24Z\" fill=\"#D5E1EE\"><\/path><path d=\"M43 25C43 24.4477 43.4477 24 44 24H51.1701C51.6513 24 52.0643 24.3427 52.1529 24.8157L53.2779 30.8157C53.3933 31.4311 52.9212 32 52.2951 32H51C50.4477 32 50 32.4477 50 33C50 33.5523 49.5523 34 49 34H44C43.4477 34 43 33.5523 43 33V25Z\" fill=\"#234875\"><\/path><path d=\"M56 41C56 40.4477 56.4477 40 57 40H60C60.5523 40 61 40.4477 61 41V43C61 43.5523 60.5523 44 60 44H57C56.4477 44 56 43.5523 56 43V41Z\" fill=\"#234875\"><\/path><path d=\"M8 41C8 40.4477 8.44772 40 9 40H12C12.5523 40 13 40.4477 13 41V43C13 43.5523 12.5523 44 12 44H9C8.44772 44 8 43.5523 8 43V41Z\" fill=\"#234875\"><\/path><rect x=\"15\" y=\"40\" width=\"10\" height=\"10\" rx=\"5\" fill=\"#0F2E53\"><\/rect><rect x=\"18\" y=\"43\" width=\"4\" height=\"4\" rx=\"2\" fill=\"#D5E1EE\"><\/rect><rect x=\"45\" y=\"40\" width=\"10\" height=\"10\" rx=\"5\" fill=\"#0F2E53\"><\/rect><rect x=\"48\" y=\"43\" width=\"4\" height=\"4\" rx=\"2\" fill=\"#D5E1EE\"><\/rect><rect x=\"4\" y=\"14\" width=\"22\" height=\"22\" rx=\"11\" fill=\"#F0F0F0\" stroke=\"#0F2E53\" stroke-width=\"2\"><\/rect><path d=\"M15 18V25H19\" stroke=\"#0F2E53\" stroke-width=\"2\"><\/path><\/svg> <\/span>\t\t\t\t\t\t\t\t\t\t\t\t\t<\/div>\n\t\t\t\t\t<\/div>\n\t\t\t\t\n\t\t\t\t<div class=\"info-box-content\">\n\t\t\t\t\t\n\t\t\t\t\t\t\t\t\t\t\t<h4\t\t\t\t\t\tclass=\"info-box-title title box-title-style-default wd-fontsize-m\" data-elementor-setting-key=\"title\">\n\t\t\t\t\t\t\t\tEsnek kargo zamanlamas\u0131\t\t\t\t\t\t<\/h4>\n\t\t\t\t\t\n\t\t\t\t\t<div class=\"info-box-inner set-cont-mb-s reset-last-child\"\n\t\t\t\t\t\t data-elementor-setting-key=\"content\">\n\t\t\t\t\t\t<p>Kargonuzu istedi\u011finiz bir g\u00fcn teslim alabilirsiniz.<\/p>\n\t\t\t\t\t<\/div>\n\t\n\t\t\t\t\t\t\t\t\t<\/div>\n\t\t\t<\/div>\n\t\t<\/div>\n\t\t\t\t<\/div>\n\t\t\t\t<\/div>\n\t\t\t\t<div class=\"elementor-element elementor-element-173fdbb elementor-widget elementor-widget-wd_infobox\" data-id=\"173fdbb\" data-element_type=\"widget\" data-widget_type=\"wd_infobox.default\">\n\t\t\t\t<div class=\"elementor-widget-container\">\n\t\t\t\t\t<div class=\"info-box-wrapper\">\n\t\t\t<div class=\"wd-info-box text-left box-icon-align-left box-style-base color-scheme- box-title-default woodmart-info-box cursor-pointer\" onclick=\"window.location.href='#'\">\n\t\t\t\t\t\t\t\t\t<div class=\"box-icon-wrapper  box-with-icon box-icon-simple\">\n\t\t\t\t\t\t<div class=\"info-box-icon\">\n\t\t\t\t\t\t\t\t\t\t\t\t\t\t\t<span class=\"info-svg-wrapper info-icon\" style=\"width:64px; height:64px;\"><svg id=\"svg-2879\" xmlns=\"http:\/\/www.w3.org\/2000\/svg\" width=\"64\" height=\"64\" viewbox=\"0 0 64 64\" fill=\"none\"><rect width=\"64\" height=\"64\" fill=\"white\"><\/rect><rect x=\"3\" y=\"30\" width=\"50\" height=\"30\" rx=\"2\" transform=\"rotate(-30 3 30)\" fill=\"#4488DA\"><\/rect><rect x=\"3.15527\" y=\"28.9131\" width=\"48\" height=\"30\" rx=\"2\" transform=\"rotate(-15 3.15527 28.9131)\" fill=\"#D5E1EE\"><\/rect><rect x=\"4.70898\" y=\"34.708\" width=\"48\" height=\"7\" transform=\"rotate(-15 4.70898 34.708)\" fill=\"#0F2E53\"><\/rect><\/svg> <\/span>\t\t\t\t\t\t\t\t\t\t\t\t\t<\/div>\n\t\t\t\t\t<\/div>\n\t\t\t\t\n\t\t\t\t<div class=\"info-box-content\">\n\t\t\t\t\t\n\t\t\t\t\t\t\t\t\t\t\t<h4\t\t\t\t\t\tclass=\"info-box-title title box-title-style-default wd-fontsize-m\" data-elementor-setting-key=\"title\">\n\t\t\t\t\t\t\t\t\u00d6deme Se\u00e7enekleri\t\t\t\t\t\t<\/h4>\n\t\t\t\t\t\n\t\t\t\t\t<div class=\"info-box-inner set-cont-mb-s reset-last-child\"\n\t\t\t\t\t\t data-elementor-setting-key=\"content\">\n\t\t\t\t\t\t<p>Online kredi veya banka kart\u0131n\u0131zla kolayca \u00f6deme yapabilirsiniz.<\/p>\n\t\t\t\t\t<\/div>\n\t\n\t\t\t\t\t\t\t\t\t<\/div>\n\t\t\t<\/div>\n\t\t<\/div>\n\t\t\t\t<\/div>\n\t\t\t\t<\/div>\n\t\t\t\t\t\t<\/div>\n\t\t\t\t\t<\/div>\n\t\t<\/div>\n\t\t\t\t<div data-dce-background-image-url=\"http:\/\/www.acarzadegida.com\/wp-content\/uploads\/2022\/05\/payment-and-delivery.jpg\" class=\"elementor-column elementor-col-33 elementor-inner-column elementor-element elementor-element-3855fd7 elementor-hidden-tablet elementor-hidden-mobile\" data-id=\"3855fd7\" data-element_type=\"column\" data-settings=\"{&quot;background_background&quot;:&quot;classic&quot;}\">\n\t\t\t<div class=\"elementor-column-wrap elementor-element-populated\">\n\t\t\t\t\t\t\t<div class=\"elementor-widget-wrap\">\n\t\t\t\t\t\t<div class=\"elementor-element elementor-element-cac380a elementor-widget elementor-widget-wd_title\" data-id=\"cac380a\" data-element_type=\"widget\" data-widget_type=\"wd_title.default\">\n\t\t\t\t<div class=\"elementor-widget-container\">\n\t\t\t\t\t<div class=\"title-wrapper set-mb-s reset-last-child wd-title-color-white wd-title-style-default wd-title-size-medium text-left\">\n\n\t\t\t\n\t\t\t<div class=\"liner-continer\">\n\t\t\t\t<h4 class=\"woodmart-title-container title wd-fontsize-xl\">We Send and Track Your Order Quickly, Accurately<\/h4> \n\t\t\t\t\t\t\t<\/div>\n\n\t\t\t\t\t\t\t<div class=\"title-after_title set-cont-mb-s reset-last-child wd-fontsize-s\">\n\t\t\t\t\t<p>It\u2019s content strategy gone awry right from the start. Forswearing the use of Lorem Ipsum wouldn\u2019t have helped.<\/p>\t\t\t\t<\/div>\n\t\t\t\t\t<\/div>\n\t\t\t\t<\/div>\n\t\t\t\t<\/div>\n\t\t\t\t\t\t<\/div>\n\t\t\t\t\t<\/div>\n\t\t<\/div>\n\t\t\t\t<div data-dce-background-color=\"#FFFFFF\" class=\"elementor-column elementor-col-33 elementor-inner-column elementor-element elementor-element-53f07d7\" data-id=\"53f07d7\" data-element_type=\"column\" data-settings=\"{&quot;background_background&quot;:&quot;classic&quot;}\">\n\t\t\t<div class=\"elementor-column-wrap elementor-element-populated\">\n\t\t\t\t\t\t\t<div class=\"elementor-widget-wrap\">\n\t\t\t\t\t\t<div class=\"elementor-element elementor-element-9e84ef7 elementor-widget elementor-widget-wd_title\" data-id=\"9e84ef7\" data-element_type=\"widget\" data-widget_type=\"wd_title.default\">\n\t\t\t\t<div class=\"elementor-widget-container\">\n\t\t\t\t\t<div class=\"title-wrapper set-mb-s reset-last-child wd-title-color-default wd-title-style-default wd-title-size-medium text-left\">\n\n\t\t\t\n\t\t\t<div class=\"liner-continer\">\n\t\t\t\t<h4 class=\"woodmart-title-container title wd-fontsize-xl\">Akl\u0131n\u0131za tak\u0131lan t\u00fcm sorular\u0131n\u0131z i\u00e7in bize ula\u015fabilirsiniz.<\/h4> \n\t\t\t\t\t\t\t<\/div>\n\n\t\t\t\t\t\t\t<div class=\"title-after_title set-cont-mb-s reset-last-child wd-fontsize-s\">\n\t\t\t\t\t<p>Sat\u0131\u015f uzmanlar\u0131m\u0131z size yard\u0131mc\u0131 olabilmek i\u00e7in buradalar.\u00a0<\/p><p><strong>\u00c7al\u0131\u015fma saatlerimiz:<\/strong><\/p><p>Pazartesi - Cumartesi : 09:00 'dan 21:00 ' kadar. (UTC +3 T\u00fcrkiye saatiyle)<\/p>\t\t\t\t<\/div>\n\t\t\t\t\t<\/div>\n\t\t\t\t<\/div>\n\t\t\t\t<\/div>\n\t\t\t\t<div class=\"elementor-element elementor-element-7110a7b elementor-widget elementor-widget-button\" data-id=\"7110a7b\" data-element_type=\"widget\" data-widget_type=\"button.default\">\n\t\t\t\t<div class=\"elementor-widget-container\">\n\t\t\t\t\t<div class=\"elementor-button-wrapper\">\n\t\t\t<a href=\"https:\/\/www.acarzadegida.com\/en\/iletisim\/\" class=\"elementor-button-link elementor-button elementor-size-sm\" role=\"button\">\n\t\t\t\t\t\t<span class=\"elementor-button-content-wrapper\">\n\t\t\t\t\t\t<span class=\"elementor-button-text\">B\u0130Z\u0130MLE \u0130LET\u0130\u015e\u0130ME GE\u00c7\u0130N<\/span>\n\t\t<\/span>\n\t\t\t\t\t<\/a>\n\t\t<\/div>\n\t\t\t\t<\/div>\n\t\t\t\t<\/div>\n\t\t\t\t\t\t<\/div>\n\t\t\t\t\t<\/div>\n\t\t<\/div>\n\t\t\t\t\t\t\t\t<\/div>\n\t\t\t\t\t<\/div>\n\t\t<\/section>\n\t\t\t\t\t\t<\/div>\n\t\t\t\t\t<\/div>\n\t\t<\/div>\n\t\t\t\t\t\t\t\t<\/div>\n\t\t\t\t\t<\/div>\n\t\t<\/section>\n\t\t\t\t\t\t\t\t\t<\/div>\n\t\t\t<\/div>\n\t\t\t\t\t<\/div>","protected":false},"excerpt":{"rendered":"<p>Sipari\u015f Takibi Sipari\u015fleriniz hakk\u0131nda 14 g\u00fcn i\u00e7erisinde geri iade \u015fans\u0131 14 g\u00fcn i\u00e7erisinde \u00fcr\u00fcnlerinizi geri iade edebilece\u011finiz \u015fartlara buraya t\u0131klayarak<\/p>","protected":false},"author":1,"featured_media":0,"parent":0,"menu_order":0,"comment_status":"closed","ping_status":"closed","template":"","meta":{"inline_featured_image":false,"footnotes":""},"class_list":["post-289","page","type-page","status-publish","hentry"],"acf":[],"_links":{"self":[{"href":"https:\/\/www.acarzadegida.com\/en\/wp-json\/wp\/v2\/pages\/289","targetHints":{"allow":["GET"]}}],"collection":[{"href":"https:\/\/www.acarzadegida.com\/en\/wp-json\/wp\/v2\/pages"}],"about":[{"href":"https:\/\/www.acarzadegida.com\/en\/wp-json\/wp\/v2\/types\/page"}],"author":[{"embeddable":true,"href":"https:\/\/www.acarzadegida.com\/en\/wp-json\/wp\/v2\/users\/1"}],"replies":[{"embeddable":true,"href":"https:\/\/www.acarzadegida.com\/en\/wp-json\/wp\/v2\/comments?post=289"}],"version-history":[{"count":10,"href":"https:\/\/www.acarzadegida.com\/en\/wp-json\/wp\/v2\/pages\/289\/revisions"}],"predecessor-version":[{"id":1892,"href":"https:\/\/www.acarzadegida.com\/en\/wp-json\/wp\/v2\/pages\/289\/revisions\/1892"}],"wp:attachment":[{"href":"https:\/\/www.acarzadegida.com\/en\/wp-json\/wp\/v2\/media?parent=289"}],"curies":[{"name":"wp","href":"https:\/\/api.w.org\/{rel}","templated":true}]}}